{"id":110,"date":"2018-02-22T14:34:44","date_gmt":"2018-02-22T14:34:44","guid":{"rendered":"http:\/\/bridge163.qodeinteractive.com\/?page_id=110"},"modified":"2018-02-22T14:34:44","modified_gmt":"2018-02-22T14:34:44","slug":"testimonials","status":"publish","type":"page","link":"https:\/\/psicologa.org.es\/sabadell\/testimonials\/","title":{"rendered":"Testimonials"},"content":{"rendered":"<p>[vc_row css_animation=\u00bb\u00bb row_type=\u00bbrow\u00bb use_row_as_full_screen_section=\u00bbno\u00bb type=\u00bbgrid\u00bb angled_section=\u00bbno\u00bb text_align=\u00bbleft\u00bb background_image_as_pattern=\u00bbwithout_pattern\u00bb z_index=\u00bb\u00bb css=\u00bb.vc_custom_1519310029503{padding-top: 25px !important;}\u00bb][vc_column][testimonials_carousel number_per_slide=\u00bb3&#8243; order_by=\u00bbtitle\u00bb order=\u00bbASC\u00bb author_image=\u00bbyes\u00bb show_navigation=\u00bbyes\u00bb navigation_style=\u00bbdark\u00bb auto_rotate_slides=\u00bb3&#8243;][\/vc_column][\/vc_row][vc_row css_animation=\u00bb\u00bb row_type=\u00bbrow\u00bb use_row_as_full_screen_section=\u00bbno\u00bb type=\u00bbgrid\u00bb angled_section=\u00bbno\u00bb text_align=\u00bbleft\u00bb background_image_as_pattern=\u00bbwithout_pattern\u00bb z_index=\u00bb\u00bb css=\u00bb.vc_custom_1519310038406{padding-top: 15px !important;}\u00bb][vc_column][testimonials_carousel number_per_slide=\u00bb3&#8243; order_by=\u00bbtitle\u00bb order=\u00bbDESC\u00bb author_image=\u00bbyes\u00bb show_navigation=\u00bbyes\u00bb navigation_style=\u00bbdark\u00bb auto_rotate_slides=\u00bb3&#8243;][\/vc_column][\/vc_row][vc_row css_animation=\u00bb\u00bb row_type=\u00bbrow\u00bb use_row_as_full_screen_section=\u00bbno\u00bb type=\u00bbgrid\u00bb angled_section=\u00bbno\u00bb text_align=\u00bbleft\u00bb background_image_as_pattern=\u00bbwithout_pattern\u00bb z_index=\u00bb\u00bb css=\u00bb.vc_custom_1519310233999{padding-top: 15px !important;padding-bottom: 22px !important;}\u00bb][vc_column][testimonials_carousel number_per_slide=\u00bb3&#8243; order_by=\u00bbtitle\u00bb order=\u00bbASC\u00bb author_image=\u00bbyes\u00bb show_navigation=\u00bbyes\u00bb navigation_style=\u00bbdark\u00bb auto_rotate_slides=\u00bb3&#8243;][\/vc_column][\/vc_row][vc_row css_animation=\u00bb\u00bb row_type=\u00bbrow\u00bb use_row_as_full_screen_section=\u00bbno\u00bb type=\u00bbgrid\u00bb angled_section=\u00bbno\u00bb text_align=\u00bbcenter\u00bb background_image_as_pattern=\u00bbwithout_pattern\u00bb z_index=\u00bb\u00bb css=\u00bb.vc_custom_1519310649758{padding-bottom: 120px !important;}\u00bb][vc_column][qode_button_v2 target=\u00bb_self\u00bb icon_pack=\u00bbfont_awesome\u00bb icon=\u00bbfa-angle-right\u00bb hover_effect=\u00bbicon_rotate\u00bb gradient=\u00bbno\u00bb text=\u00bbMake an appointment\u00bb link=\u00bb#\u00bb icon_font_size=\u00bb15&#8243;][\/vc_column][\/vc_row]<\/p>\n","protected":false},"excerpt":{"rendered":"<p>[vc_row css_animation=\u00bb\u00bb row_type=\u00bbrow\u00bb use_row_as_full_screen_section=\u00bbno\u00bb type=\u00bbgrid\u00bb angled_section=\u00bbno\u00bb text_align=\u00bbleft\u00bb background_image_as_pattern=\u00bbwithout_pattern\u00bb z_index=\u00bb\u00bb css=\u00bb.vc_custom_1519310029503{padding-top: 25px !important;}\u00bb][vc_column][testimonials_carousel number_per_slide=\u00bb3&#8243; order_by=\u00bbtitle\u00bb order=\u00bbASC\u00bb author_image=\u00bbyes\u00bb show_navigation=\u00bbyes\u00bb navigation_style=\u00bbdark\u00bb auto_rotate_slides=\u00bb3&#8243;][\/vc_column][\/vc_row][vc_row css_animation=\u00bb\u00bb [&hellip;]<\/p>\n","protected":false},"author":1,"featured_media":0,"parent":0,"menu_order":0,"comment_status":"closed","ping_status":"closed","template":"full_width.php","meta":{"site-sidebar-layout":"default","site-content-layout":"","ast-site-content-layout":"default","site-content-style":"default","site-sidebar-style":"default","ast-global-header-display":"","ast-banner-title-visibility":"","ast-main-header-display":"","ast-hfb-above-header-display":"","ast-hfb-below-header-display":"","ast-hfb-mobile-header-display":"","site-post-title":"","ast-breadcrumbs-content":"","ast-featured-img":"","footer-sml-layout":"","ast-disable-related-posts":"","theme-transparent-header-meta":"","adv-header-id-meta":"","stick-header-meta":"","header-above-stick-meta":"","header-main-stick-meta":"","header-below-stick-meta":"","astra-migrate-meta-layouts":"default","ast-page-background-enabled":"default","ast-page-background-meta":{"desktop":{"background-color":"var(--ast-global-color-5)","background-image":"","background-repeat":"repeat","background-position":"center center","background-size":"auto","background-attachment":"scroll","background-type":"","background-media":"","overlay-type":"","overlay-color":"","overlay-opacity":"","overlay-gradient":""},"tablet":{"background-color":"","background-image":"","background-repeat":"repeat","background-position":"center center","background-size":"auto","background-attachment":"scroll","background-type":"","background-media":"","overlay-type":"","overlay-color":"","overlay-opacity":"","overlay-gradient":""},"mobile":{"background-color":"","background-image":"","background-repeat":"repeat","background-position":"center center","background-size":"auto","background-attachment":"scroll","background-type":"","background-media":"","overlay-type":"","overlay-color":"","overlay-opacity":"","overlay-gradient":""}},"ast-content-background-meta":{"desktop":{"background-color":"var(--ast-global-color-4)","background-image":"","background-repeat":"repeat","background-position":"center center","background-size":"auto","background-attachment":"scroll","background-type":"","background-media":"","overlay-type":"","overlay-color":"","overlay-opacity":"","overlay-gradient":""},"tablet":{"background-color":"var(--ast-global-color-4)","background-image":"","background-repeat":"repeat","background-position":"center center","background-size":"auto","background-attachment":"scroll","background-type":"","background-media":"","overlay-type":"","overlay-color":"","overlay-opacity":"","overlay-gradient":""},"mobile":{"background-color":"var(--ast-global-color-4)","background-image":"","background-repeat":"repeat","background-position":"center center","background-size":"auto","background-attachment":"scroll","background-type":"","background-media":"","overlay-type":"","overlay-color":"","overlay-opacity":"","overlay-gradient":""}},"footnotes":""},"class_list":["post-110","page","type-page","status-publish","hentry"],"yoast_head":"<!-- This site is optimized with the Yoast SEO plugin v27.2 - https:\/\/yoast.com\/product\/yoast-seo-wordpress\/ -->\n<title>Testimonials - PSIC\u00d3LOGOS SABADELL | PSIC\u00d3LOGO FAMILIAR | DEPRESI\u00d3N |ANSIEDAD | ADICIONES | TERAPIA DE PAREJA<\/title>\n<meta name=\"robots\" content=\"index, follow, max-snippet:-1, max-image-preview:large, max-video-preview:-1\" \/>\n<link rel=\"canonical\" href=\"https:\/\/psicologa.org.es\/sabadell\/testimonials\/\" \/>\n<meta property=\"og:locale\" content=\"es_ES\" \/>\n<meta property=\"og:type\" content=\"article\" \/>\n<meta property=\"og:title\" content=\"Testimonials - PSIC\u00d3LOGOS SABADELL | PSIC\u00d3LOGO FAMILIAR | DEPRESI\u00d3N |ANSIEDAD | ADICIONES | TERAPIA DE PAREJA\" \/>\n<meta property=\"og:description\" content=\"[vc_row css_animation=\u00bb\u00bb row_type=\u00bbrow\u00bb use_row_as_full_screen_section=\u00bbno\u00bb type=\u00bbgrid\u00bb angled_section=\u00bbno\u00bb text_align=\u00bbleft\u00bb background_image_as_pattern=\u00bbwithout_pattern\u00bb z_index=\u00bb\u00bb css=\u00bb.vc_custom_1519310029503{padding-top: 25px !important;}\u00bb][vc_column][testimonials_carousel number_per_slide=\u00bb3&#8243; order_by=\u00bbtitle\u00bb order=\u00bbASC\u00bb author_image=\u00bbyes\u00bb show_navigation=\u00bbyes\u00bb navigation_style=\u00bbdark\u00bb auto_rotate_slides=\u00bb3&#8243;][\/vc_column][\/vc_row][vc_row css_animation=\u00bb\u00bb [&hellip;]\" \/>\n<meta property=\"og:url\" content=\"https:\/\/psicologa.org.es\/sabadell\/testimonials\/\" \/>\n<meta property=\"og:site_name\" content=\"PSIC\u00d3LOGOS SABADELL | PSIC\u00d3LOGO FAMILIAR | DEPRESI\u00d3N |ANSIEDAD | ADICIONES | TERAPIA DE PAREJA\" \/>\n<meta name=\"twitter:card\" content=\"summary_large_image\" \/>\n<meta name=\"twitter:label1\" content=\"Tiempo de lectura\" \/>\n\t<meta name=\"twitter:data1\" content=\"1 minuto\" \/>\n<script type=\"application\/ld+json\" class=\"yoast-schema-graph\">{\"@context\":\"https:\/\/schema.org\",\"@graph\":[{\"@type\":\"WebPage\",\"@id\":\"https:\/\/psicologa.org.es\/sabadell\/testimonials\/\",\"url\":\"https:\/\/psicologa.org.es\/sabadell\/testimonials\/\",\"name\":\"Testimonials - PSIC\u00d3LOGOS SABADELL | PSIC\u00d3LOGO FAMILIAR | DEPRESI\u00d3N |ANSIEDAD | ADICIONES | TERAPIA DE PAREJA\",\"isPartOf\":{\"@id\":\"https:\/\/psicologa.org.es\/sabadell\/#website\"},\"datePublished\":\"2018-02-22T14:34:44+00:00\",\"breadcrumb\":{\"@id\":\"https:\/\/psicologa.org.es\/sabadell\/testimonials\/#breadcrumb\"},\"inLanguage\":\"es\",\"potentialAction\":[{\"@type\":\"ReadAction\",\"target\":[\"https:\/\/psicologa.org.es\/sabadell\/testimonials\/\"]}]},{\"@type\":\"BreadcrumbList\",\"@id\":\"https:\/\/psicologa.org.es\/sabadell\/testimonials\/#breadcrumb\",\"itemListElement\":[{\"@type\":\"ListItem\",\"position\":1,\"name\":\"Home\",\"item\":\"https:\/\/psicologa.org.es\/sabadell\/\"},{\"@type\":\"ListItem\",\"position\":2,\"name\":\"Testimonials\"}]},{\"@type\":\"WebSite\",\"@id\":\"https:\/\/psicologa.org.es\/sabadell\/#website\",\"url\":\"https:\/\/psicologa.org.es\/sabadell\/\",\"name\":\"PSIC\u00d3LOGOS SABADELL | PSIC\u00d3LOGO FAMILIAR | DEPRESI\u00d3N |ANSIEDAD | ADICIONES | TERAPIA DE PAREJA\",\"description\":\"Los psic\u00f3logos m\u00e1s recomendados de Sabadell: consulta opiniones, comprueba su disponibilidad y pide online tu cita en segundos. \u00a1Es gratis! Psic\u00f3loga especializada en desarrollo personal y terapia de pareja.\",\"potentialAction\":[{\"@type\":\"SearchAction\",\"target\":{\"@type\":\"EntryPoint\",\"urlTemplate\":\"https:\/\/psicologa.org.es\/sabadell\/?s={search_term_string}\"},\"query-input\":{\"@type\":\"PropertyValueSpecification\",\"valueRequired\":true,\"valueName\":\"search_term_string\"}}],\"inLanguage\":\"es\"}]}<\/script>\n<!-- \/ Yoast SEO plugin. -->","yoast_head_json":{"title":"Testimonials - PSIC\u00d3LOGOS SABADELL | PSIC\u00d3LOGO FAMILIAR | DEPRESI\u00d3N |ANSIEDAD | ADICIONES | TERAPIA DE PAREJA","robots":{"index":"index","follow":"follow","max-snippet":"max-snippet:-1","max-image-preview":"max-image-preview:large","max-video-preview":"max-video-preview:-1"},"canonical":"https:\/\/psicologa.org.es\/sabadell\/testimonials\/","og_locale":"es_ES","og_type":"article","og_title":"Testimonials - PSIC\u00d3LOGOS SABADELL | PSIC\u00d3LOGO FAMILIAR | DEPRESI\u00d3N |ANSIEDAD | ADICIONES | TERAPIA DE PAREJA","og_description":"[vc_row css_animation=\u00bb\u00bb row_type=\u00bbrow\u00bb use_row_as_full_screen_section=\u00bbno\u00bb type=\u00bbgrid\u00bb angled_section=\u00bbno\u00bb text_align=\u00bbleft\u00bb background_image_as_pattern=\u00bbwithout_pattern\u00bb z_index=\u00bb\u00bb css=\u00bb.vc_custom_1519310029503{padding-top: 25px !important;}\u00bb][vc_column][testimonials_carousel number_per_slide=\u00bb3&#8243; order_by=\u00bbtitle\u00bb order=\u00bbASC\u00bb author_image=\u00bbyes\u00bb show_navigation=\u00bbyes\u00bb navigation_style=\u00bbdark\u00bb auto_rotate_slides=\u00bb3&#8243;][\/vc_column][\/vc_row][vc_row css_animation=\u00bb\u00bb [&hellip;]","og_url":"https:\/\/psicologa.org.es\/sabadell\/testimonials\/","og_site_name":"PSIC\u00d3LOGOS SABADELL | PSIC\u00d3LOGO FAMILIAR | DEPRESI\u00d3N |ANSIEDAD | ADICIONES | TERAPIA DE PAREJA","twitter_card":"summary_large_image","twitter_misc":{"Tiempo de lectura":"1 minuto"},"schema":{"@context":"https:\/\/schema.org","@graph":[{"@type":"WebPage","@id":"https:\/\/psicologa.org.es\/sabadell\/testimonials\/","url":"https:\/\/psicologa.org.es\/sabadell\/testimonials\/","name":"Testimonials - PSIC\u00d3LOGOS SABADELL | PSIC\u00d3LOGO FAMILIAR | DEPRESI\u00d3N |ANSIEDAD | ADICIONES | TERAPIA DE PAREJA","isPartOf":{"@id":"https:\/\/psicologa.org.es\/sabadell\/#website"},"datePublished":"2018-02-22T14:34:44+00:00","breadcrumb":{"@id":"https:\/\/psicologa.org.es\/sabadell\/testimonials\/#breadcrumb"},"inLanguage":"es","potentialAction":[{"@type":"ReadAction","target":["https:\/\/psicologa.org.es\/sabadell\/testimonials\/"]}]},{"@type":"BreadcrumbList","@id":"https:\/\/psicologa.org.es\/sabadell\/testimonials\/#breadcrumb","itemListElement":[{"@type":"ListItem","position":1,"name":"Home","item":"https:\/\/psicologa.org.es\/sabadell\/"},{"@type":"ListItem","position":2,"name":"Testimonials"}]},{"@type":"WebSite","@id":"https:\/\/psicologa.org.es\/sabadell\/#website","url":"https:\/\/psicologa.org.es\/sabadell\/","name":"PSIC\u00d3LOGOS SABADELL | PSIC\u00d3LOGO FAMILIAR | DEPRESI\u00d3N |ANSIEDAD | ADICIONES | TERAPIA DE PAREJA","description":"Los psic\u00f3logos m\u00e1s recomendados de Sabadell: consulta opiniones, comprueba su disponibilidad y pide online tu cita en segundos. \u00a1Es gratis! Psic\u00f3loga especializada en desarrollo personal y terapia de pareja.","potentialAction":[{"@type":"SearchAction","target":{"@type":"EntryPoint","urlTemplate":"https:\/\/psicologa.org.es\/sabadell\/?s={search_term_string}"},"query-input":{"@type":"PropertyValueSpecification","valueRequired":true,"valueName":"search_term_string"}}],"inLanguage":"es"}]}},"_links":{"self":[{"href":"https:\/\/psicologa.org.es\/sabadell\/wp-json\/wp\/v2\/pages\/110","targetHints":{"allow":["GET"]}}],"collection":[{"href":"https:\/\/psicologa.org.es\/sabadell\/wp-json\/wp\/v2\/pages"}],"about":[{"href":"https:\/\/psicologa.org.es\/sabadell\/wp-json\/wp\/v2\/types\/page"}],"author":[{"embeddable":true,"href":"https:\/\/psicologa.org.es\/sabadell\/wp-json\/wp\/v2\/users\/1"}],"replies":[{"embeddable":true,"href":"https:\/\/psicologa.org.es\/sabadell\/wp-json\/wp\/v2\/comments?post=110"}],"version-history":[{"count":0,"href":"https:\/\/psicologa.org.es\/sabadell\/wp-json\/wp\/v2\/pages\/110\/revisions"}],"wp:attachment":[{"href":"https:\/\/psicologa.org.es\/sabadell\/wp-json\/wp\/v2\/media?parent=110"}],"curies":[{"name":"wp","href":"https:\/\/api.w.org\/{rel}","templated":true}]}}