{"id":139,"date":"2018-02-23T09:26:56","date_gmt":"2018-02-23T09:26:56","guid":{"rendered":"http:\/\/bridge163.qodeinteractive.com\/?page_id=139"},"modified":"2018-02-23T09:26:56","modified_gmt":"2018-02-23T09:26:56","slug":"contact-us","status":"publish","type":"page","link":"https:\/\/psicologa.org.es\/sabadell\/contact-us\/","title":{"rendered":"Contact us"},"content":{"rendered":"<p>[vc_row css_animation=\u00bb\u00bb row_type=\u00bbrow\u00bb use_row_as_full_screen_section=\u00bbno\u00bb type=\u00bbgrid\u00bb angled_section=\u00bbno\u00bb text_align=\u00bbleft\u00bb background_image_as_pattern=\u00bbwithout_pattern\u00bb z_index=\u00bb\u00bb css=\u00bb.vc_custom_1519384630246{padding-top: 24px !important;padding-bottom: 58px !important;}\u00bb][vc_column][qode_elements_holder number_of_columns=\u00bbone_column\u00bb][qode_elements_holder_item background_color=\u00bb#ffffff\u00bb item_padding=\u00bb30px\u00bb advanced_animations=\u00bbno\u00bb][qode_google_map custom_map_style=\u00bbfalse\u00bb google_maps_scroll_wheel=\u00bbfalse\u00bb address1=\u00bb Reece School 25 E 104th St New York, NY 10029&#8243; map_height=\u00bb445&#8243; pin=\u00bb140&#8243; zoom=\u00bb18&#8243;][\/qode_elements_holder_item][\/qode_elements_holder][qode_elements_holder number_of_columns=\u00bbone_column\u00bb][qode_elements_holder_item item_padding=\u00bb75px 30% 0px\u00bb horizontal_alignment=\u00bbcenter\u00bb advanced_animations=\u00bbno\u00bb item_padding_1280_1440=\u00bb75px 28% 0px\u00bb item_padding_1024_1280=\u00bb75px 25% 0px\u00bb item_padding_768_1024=\u00bb75px 23% 0px\u00bb item_padding_600_768=\u00bb75px 9% 0px\u00bb item_padding_480_600=\u00bb75px 5% 0px\u00bb item_padding_480=\u00bb75px 5% 0px\u00bb][vc_column_text]<\/p>\n<h2>Visit my offices: Martin Luther King Jr. Boulevard 567r or come to Vancouver Riverview Street 23<\/h2>\n<p>[\/vc_column_text][\/qode_elements_holder_item][\/qode_elements_holder][\/vc_column][\/vc_row][vc_row css_animation=\u00bb\u00bb row_type=\u00bbrow\u00bb use_row_as_full_screen_section=\u00bbno\u00bb type=\u00bbgrid\u00bb angled_section=\u00bbno\u00bb text_align=\u00bbleft\u00bb background_image_as_pattern=\u00bbwithout_pattern\u00bb z_index=\u00bb\u00bb][vc_column css=\u00bb.vc_custom_1519377762088{margin-top: 5px !important;margin-right: 0px !important;margin-left: 0px !important;padding-right: 5px !important;padding-left: 5px !important;}\u00bb offset=\u00bbvc_col-md-4&#8243;][qode_elements_holder number_of_columns=\u00bbfour_columns\u00bb][qode_elements_holder_item background_color=\u00bb#ffffff\u00bb item_padding=\u00bb50px 35px 22px\u00bb horizontal_alignment=\u00bbcenter\u00bb advanced_animations=\u00bbno\u00bb item_padding_1024_1280=\u00bb50px 18px 22px\u00bb item_padding_600_768=\u00bb50px 120px 22px\u00bb custom_class=\u00bbeh-with-shadow\u00bb][vc_single_image image=\u00bb159&#8243; img_size=\u00bbfull\u00bb alignment=\u00bbcenter\u00bb qode_css_animation=\u00bb\u00bb][vc_empty_space height=\u00bb35px\u00bb][vc_column_text]<\/p>\n<h3>Online Psychotherapy<\/h3>\n<p>[\/vc_column_text][vc_separator type=\u00bbsmall\u00bb position=\u00bbcenter\u00bb color=\u00bb#000000&#8243; thickness=\u00bb2&#8243; width=\u00bb70&#8243; up=\u00bb20&#8243; down=\u00bb21&#8243;][vc_column_text]Lorem ipsum dolor sit amet, pri eu menandri delatissimi, no vis affert alique neanis neput[\/vc_column_text][vc_empty_space height=\u00bb7px\u00bb][button target=\u00bb_self\u00bb hover_type=\u00bbdefault\u00bb button_shadow=\u00bbno\u00bb text=\u00bbExplore\u00bb link=\u00bb#\u00bb][\/qode_elements_holder_item][\/qode_elements_holder][\/vc_column][vc_column css=\u00bb.vc_custom_1519377768537{margin-top: 5px !important;padding-right: 5px !important;padding-left: 5px !important;}\u00bb offset=\u00bbvc_col-md-4&#8243;][qode_elements_holder number_of_columns=\u00bbfour_columns\u00bb][qode_elements_holder_item background_color=\u00bb#ffffff\u00bb item_padding=\u00bb50px 35px 22px\u00bb horizontal_alignment=\u00bbcenter\u00bb advanced_animations=\u00bbno\u00bb item_padding_1024_1280=\u00bb50px 18px 22px\u00bb item_padding_600_768=\u00bb50px 120px 22px\u00bb custom_class=\u00bbeh-with-shadow\u00bb][vc_single_image image=\u00bb160&#8243; img_size=\u00bbfull\u00bb alignment=\u00bbcenter\u00bb qode_css_animation=\u00bb\u00bb][vc_empty_space height=\u00bb35px\u00bb][vc_column_text]<\/p>\n<h3>Call us on +555 675 45 36<\/h3>\n<p>[\/vc_column_text][vc_separator type=\u00bbsmall\u00bb position=\u00bbcenter\u00bb color=\u00bb#000000&#8243; thickness=\u00bb2&#8243; width=\u00bb70&#8243; up=\u00bb20&#8243; down=\u00bb21&#8243;][vc_column_text]Lorem ipsum dolor sit amet, pri eu menandri delatissimi, no vis affert alique neanis neput[\/vc_column_text][vc_empty_space height=\u00bb7px\u00bb][button target=\u00bb_self\u00bb hover_type=\u00bbdefault\u00bb button_shadow=\u00bbno\u00bb text=\u00bbExplore\u00bb link=\u00bb#\u00bb][\/qode_elements_holder_item][\/qode_elements_holder][\/vc_column][vc_column css=\u00bb.vc_custom_1519377776550{margin-top: 5px !important;padding-right: 5px !important;padding-left: 5px !important;}\u00bb offset=\u00bbvc_col-md-4&#8243;][qode_elements_holder number_of_columns=\u00bbfour_columns\u00bb][qode_elements_holder_item background_color=\u00bb#ffffff\u00bb item_padding=\u00bb50px 35px 22px\u00bb horizontal_alignment=\u00bbcenter\u00bb advanced_animations=\u00bbno\u00bb item_padding_1024_1280=\u00bb50px 18px 22px\u00bb item_padding_600_768=\u00bb50px 120px 22px\u00bb custom_class=\u00bbeh-with-shadow\u00bb][vc_single_image image=\u00bb161&#8243; img_size=\u00bbfull\u00bb alignment=\u00bbcenter\u00bb qode_css_animation=\u00bb\u00bb][vc_empty_space height=\u00bb35px\u00bb][vc_column_text]<\/p>\n<h3>Working Hours 24\/7<\/h3>\n<p>[\/vc_column_text][vc_separator type=\u00bbsmall\u00bb position=\u00bbcenter\u00bb color=\u00bb#000000&#8243; thickness=\u00bb2&#8243; width=\u00bb70&#8243; up=\u00bb20&#8243; down=\u00bb21&#8243;][vc_column_text]Lorem ipsum dolor sit amet, pri eu menandri delatissimi, no vis affert alique neanis neput[\/vc_column_text][vc_empty_space height=\u00bb7px\u00bb][button target=\u00bb_self\u00bb hover_type=\u00bbdefault\u00bb button_shadow=\u00bbno\u00bb text=\u00bbExplore\u00bb link=\u00bb#\u00bb][\/qode_elements_holder_item][\/qode_elements_holder][\/vc_column][\/vc_row][vc_row css_animation=\u00bb\u00bb row_type=\u00bbrow\u00bb use_row_as_full_screen_section=\u00bbno\u00bb type=\u00bbgrid\u00bb angled_section=\u00bbno\u00bb text_align=\u00bbcenter\u00bb background_image_as_pattern=\u00bbwithout_pattern\u00bb z_index=\u00bb\u00bb css=\u00bb.vc_custom_1519385577369{padding-top: 92px !important;padding-bottom: 150px !important;}\u00bb][vc_column][vc_column_text]<\/p>\n<h1>Send Me A Message<\/h1>\n<p>[\/vc_column_text][vc_separator type=\u00bbsmall\u00bb position=\u00bbcenter\u00bb color=\u00bb#000000&#8243; thickness=\u00bb2&#8243; width=\u00bb105&#8243; up=\u00bb20&#8243; down=\u00bb21&#8243;][vc_empty_space height=\u00bb13px\u00bb][qode_elements_holder number_of_columns=\u00bbone_column\u00bb][qode_elements_holder_item item_padding=\u00bb0px 26%\u00bb horizontal_alignment=\u00bbcenter\u00bb advanced_animations=\u00bbno\u00bb item_padding_600_768=\u00bb0px 12%\u00bb item_padding_480_600=\u00bb0px 2%\u00bb item_padding_480=\u00bb0px 2%\u00bb][contact-form-7 id=\u00bb92&#8243; html_class=\u00bbcf7_custom_style_1&#8243;][\/qode_elements_holder_item][\/qode_elements_holder][\/vc_column][\/vc_row]<\/p>\n","protected":false},"excerpt":{"rendered":"<p>[vc_row css_animation=\u00bb\u00bb row_type=\u00bbrow\u00bb use_row_as_full_screen_section=\u00bbno\u00bb type=\u00bbgrid\u00bb angled_section=\u00bbno\u00bb text_align=\u00bbleft\u00bb background_image_as_pattern=\u00bbwithout_pattern\u00bb z_index=\u00bb\u00bb css=\u00bb.vc_custom_1519384630246{padding-top: 24px !important;padding-bottom: 58px !important;}\u00bb][vc_column][qode_elements_holder number_of_columns=\u00bbone_column\u00bb][qode_elements_holder_item background_color=\u00bb#ffffff\u00bb item_padding=\u00bb30px\u00bb advanced_animations=\u00bbno\u00bb][qode_google_map custom_map_style=\u00bbfalse\u00bb google_maps_scroll_wheel=\u00bbfalse\u00bb [&hellip;]<\/p>\n","protected":false},"author":1,"featured_media":0,"parent":0,"menu_order":0,"comment_status":"closed","ping_status":"closed","template":"full_width.php","meta":{"site-sidebar-layout":"default","site-content-layout":"","ast-site-content-layout":"default","site-content-style":"default","site-sidebar-style":"default","ast-global-header-display":"","ast-banner-title-visibility":"","ast-main-header-display":"","ast-hfb-above-header-display":"","ast-hfb-below-header-display":"","ast-hfb-mobile-header-display":"","site-post-title":"","ast-breadcrumbs-content":"","ast-featured-img":"","footer-sml-layout":"","ast-disable-related-posts":"","theme-transparent-header-meta":"","adv-header-id-meta":"","stick-header-meta":"","header-above-stick-meta":"","header-main-stick-meta":"","header-below-stick-meta":"","astra-migrate-meta-layouts":"default","ast-page-background-enabled":"default","ast-page-background-meta":{"desktop":{"background-color":"var(--ast-global-color-5)","background-image":"","background-repeat":"repeat","background-position":"center center","background-size":"auto","background-attachment":"scroll","background-type":"","background-media":"","overlay-type":"","overlay-color":"","overlay-opacity":"","overlay-gradient":""},"tablet":{"background-color":"","background-image":"","background-repeat":"repeat","background-position":"center center","background-size":"auto","background-attachment":"scroll","background-type":"","background-media":"","overlay-type":"","overlay-color":"","overlay-opacity":"","overlay-gradient":""},"mobile":{"background-color":"","background-image":"","background-repeat":"repeat","background-position":"center center","background-size":"auto","background-attachment":"scroll","background-type":"","background-media":"","overlay-type":"","overlay-color":"","overlay-opacity":"","overlay-gradient":""}},"ast-content-background-meta":{"desktop":{"background-color":"var(--ast-global-color-4)","background-image":"","background-repeat":"repeat","background-position":"center center","background-size":"auto","background-attachment":"scroll","background-type":"","background-media":"","overlay-type":"","overlay-color":"","overlay-opacity":"","overlay-gradient":""},"tablet":{"background-color":"var(--ast-global-color-4)","background-image":"","background-repeat":"repeat","background-position":"center center","background-size":"auto","background-attachment":"scroll","background-type":"","background-media":"","overlay-type":"","overlay-color":"","overlay-opacity":"","overlay-gradient":""},"mobile":{"background-color":"var(--ast-global-color-4)","background-image":"","background-repeat":"repeat","background-position":"center center","background-size":"auto","background-attachment":"scroll","background-type":"","background-media":"","overlay-type":"","overlay-color":"","overlay-opacity":"","overlay-gradient":""}},"footnotes":""},"class_list":["post-139","page","type-page","status-publish","hentry"],"yoast_head":"<!-- This site is optimized with the Yoast SEO plugin v27.2 - https:\/\/yoast.com\/product\/yoast-seo-wordpress\/ -->\n<title>Contact us - PSIC\u00d3LOGOS SABADELL | PSIC\u00d3LOGO FAMILIAR | DEPRESI\u00d3N |ANSIEDAD | ADICIONES | TERAPIA DE PAREJA<\/title>\n<meta name=\"robots\" content=\"index, follow, max-snippet:-1, max-image-preview:large, max-video-preview:-1\" \/>\n<link rel=\"canonical\" href=\"https:\/\/psicologa.org.es\/sabadell\/contact-us\/\" \/>\n<meta property=\"og:locale\" content=\"es_ES\" \/>\n<meta property=\"og:type\" content=\"article\" \/>\n<meta property=\"og:title\" content=\"Contact us - PSIC\u00d3LOGOS SABADELL | PSIC\u00d3LOGO FAMILIAR | DEPRESI\u00d3N |ANSIEDAD | ADICIONES | TERAPIA DE PAREJA\" \/>\n<meta property=\"og:description\" content=\"[vc_row css_animation=\u00bb\u00bb row_type=\u00bbrow\u00bb use_row_as_full_screen_section=\u00bbno\u00bb type=\u00bbgrid\u00bb angled_section=\u00bbno\u00bb text_align=\u00bbleft\u00bb background_image_as_pattern=\u00bbwithout_pattern\u00bb z_index=\u00bb\u00bb css=\u00bb.vc_custom_1519384630246{padding-top: 24px !important;padding-bottom: 58px !important;}\u00bb][vc_column][qode_elements_holder number_of_columns=\u00bbone_column\u00bb][qode_elements_holder_item background_color=\u00bb#ffffff\u00bb item_padding=\u00bb30px\u00bb advanced_animations=\u00bbno\u00bb][qode_google_map custom_map_style=\u00bbfalse\u00bb google_maps_scroll_wheel=\u00bbfalse\u00bb [&hellip;]\" \/>\n<meta property=\"og:url\" content=\"https:\/\/psicologa.org.es\/sabadell\/contact-us\/\" \/>\n<meta property=\"og:site_name\" content=\"PSIC\u00d3LOGOS SABADELL | PSIC\u00d3LOGO FAMILIAR | DEPRESI\u00d3N |ANSIEDAD | ADICIONES | TERAPIA DE PAREJA\" \/>\n<meta name=\"twitter:card\" content=\"summary_large_image\" \/>\n<meta name=\"twitter:label1\" content=\"Tiempo de lectura\" \/>\n\t<meta name=\"twitter:data1\" content=\"4 minutos\" \/>\n<script type=\"application\/ld+json\" class=\"yoast-schema-graph\">{\"@context\":\"https:\/\/schema.org\",\"@graph\":[{\"@type\":\"WebPage\",\"@id\":\"https:\/\/psicologa.org.es\/sabadell\/contact-us\/\",\"url\":\"https:\/\/psicologa.org.es\/sabadell\/contact-us\/\",\"name\":\"Contact us - PSIC\u00d3LOGOS SABADELL | PSIC\u00d3LOGO FAMILIAR | DEPRESI\u00d3N |ANSIEDAD | ADICIONES | TERAPIA DE PAREJA\",\"isPartOf\":{\"@id\":\"https:\/\/psicologa.org.es\/sabadell\/#website\"},\"datePublished\":\"2018-02-23T09:26:56+00:00\",\"breadcrumb\":{\"@id\":\"https:\/\/psicologa.org.es\/sabadell\/contact-us\/#breadcrumb\"},\"inLanguage\":\"es\",\"potentialAction\":[{\"@type\":\"ReadAction\",\"target\":[\"https:\/\/psicologa.org.es\/sabadell\/contact-us\/\"]}]},{\"@type\":\"BreadcrumbList\",\"@id\":\"https:\/\/psicologa.org.es\/sabadell\/contact-us\/#breadcrumb\",\"itemListElement\":[{\"@type\":\"ListItem\",\"position\":1,\"name\":\"Home\",\"item\":\"https:\/\/psicologa.org.es\/sabadell\/\"},{\"@type\":\"ListItem\",\"position\":2,\"name\":\"Contact us\"}]},{\"@type\":\"WebSite\",\"@id\":\"https:\/\/psicologa.org.es\/sabadell\/#website\",\"url\":\"https:\/\/psicologa.org.es\/sabadell\/\",\"name\":\"PSIC\u00d3LOGOS SABADELL | PSIC\u00d3LOGO FAMILIAR | DEPRESI\u00d3N |ANSIEDAD | ADICIONES | TERAPIA DE PAREJA\",\"description\":\"Los psic\u00f3logos m\u00e1s recomendados de Sabadell: consulta opiniones, comprueba su disponibilidad y pide online tu cita en segundos. \u00a1Es gratis! Psic\u00f3loga especializada en desarrollo personal y terapia de pareja.\",\"potentialAction\":[{\"@type\":\"SearchAction\",\"target\":{\"@type\":\"EntryPoint\",\"urlTemplate\":\"https:\/\/psicologa.org.es\/sabadell\/?s={search_term_string}\"},\"query-input\":{\"@type\":\"PropertyValueSpecification\",\"valueRequired\":true,\"valueName\":\"search_term_string\"}}],\"inLanguage\":\"es\"}]}<\/script>\n<!-- \/ Yoast SEO plugin. -->","yoast_head_json":{"title":"Contact us - PSIC\u00d3LOGOS SABADELL | PSIC\u00d3LOGO FAMILIAR | DEPRESI\u00d3N |ANSIEDAD | ADICIONES | TERAPIA DE PAREJA","robots":{"index":"index","follow":"follow","max-snippet":"max-snippet:-1","max-image-preview":"max-image-preview:large","max-video-preview":"max-video-preview:-1"},"canonical":"https:\/\/psicologa.org.es\/sabadell\/contact-us\/","og_locale":"es_ES","og_type":"article","og_title":"Contact us - PSIC\u00d3LOGOS SABADELL | PSIC\u00d3LOGO FAMILIAR | DEPRESI\u00d3N |ANSIEDAD | ADICIONES | TERAPIA DE PAREJA","og_description":"[vc_row css_animation=\u00bb\u00bb row_type=\u00bbrow\u00bb use_row_as_full_screen_section=\u00bbno\u00bb type=\u00bbgrid\u00bb angled_section=\u00bbno\u00bb text_align=\u00bbleft\u00bb background_image_as_pattern=\u00bbwithout_pattern\u00bb z_index=\u00bb\u00bb css=\u00bb.vc_custom_1519384630246{padding-top: 24px !important;padding-bottom: 58px !important;}\u00bb][vc_column][qode_elements_holder number_of_columns=\u00bbone_column\u00bb][qode_elements_holder_item background_color=\u00bb#ffffff\u00bb item_padding=\u00bb30px\u00bb advanced_animations=\u00bbno\u00bb][qode_google_map custom_map_style=\u00bbfalse\u00bb google_maps_scroll_wheel=\u00bbfalse\u00bb [&hellip;]","og_url":"https:\/\/psicologa.org.es\/sabadell\/contact-us\/","og_site_name":"PSIC\u00d3LOGOS SABADELL | PSIC\u00d3LOGO FAMILIAR | DEPRESI\u00d3N |ANSIEDAD | ADICIONES | TERAPIA DE PAREJA","twitter_card":"summary_large_image","twitter_misc":{"Tiempo de lectura":"4 minutos"},"schema":{"@context":"https:\/\/schema.org","@graph":[{"@type":"WebPage","@id":"https:\/\/psicologa.org.es\/sabadell\/contact-us\/","url":"https:\/\/psicologa.org.es\/sabadell\/contact-us\/","name":"Contact us - PSIC\u00d3LOGOS SABADELL | PSIC\u00d3LOGO FAMILIAR | DEPRESI\u00d3N |ANSIEDAD | ADICIONES | TERAPIA DE PAREJA","isPartOf":{"@id":"https:\/\/psicologa.org.es\/sabadell\/#website"},"datePublished":"2018-02-23T09:26:56+00:00","breadcrumb":{"@id":"https:\/\/psicologa.org.es\/sabadell\/contact-us\/#breadcrumb"},"inLanguage":"es","potentialAction":[{"@type":"ReadAction","target":["https:\/\/psicologa.org.es\/sabadell\/contact-us\/"]}]},{"@type":"BreadcrumbList","@id":"https:\/\/psicologa.org.es\/sabadell\/contact-us\/#breadcrumb","itemListElement":[{"@type":"ListItem","position":1,"name":"Home","item":"https:\/\/psicologa.org.es\/sabadell\/"},{"@type":"ListItem","position":2,"name":"Contact us"}]},{"@type":"WebSite","@id":"https:\/\/psicologa.org.es\/sabadell\/#website","url":"https:\/\/psicologa.org.es\/sabadell\/","name":"PSIC\u00d3LOGOS SABADELL | PSIC\u00d3LOGO FAMILIAR | DEPRESI\u00d3N |ANSIEDAD | ADICIONES | TERAPIA DE PAREJA","description":"Los psic\u00f3logos m\u00e1s recomendados de Sabadell: consulta opiniones, comprueba su disponibilidad y pide online tu cita en segundos. \u00a1Es gratis! Psic\u00f3loga especializada en desarrollo personal y terapia de pareja.","potentialAction":[{"@type":"SearchAction","target":{"@type":"EntryPoint","urlTemplate":"https:\/\/psicologa.org.es\/sabadell\/?s={search_term_string}"},"query-input":{"@type":"PropertyValueSpecification","valueRequired":true,"valueName":"search_term_string"}}],"inLanguage":"es"}]}},"_links":{"self":[{"href":"https:\/\/psicologa.org.es\/sabadell\/wp-json\/wp\/v2\/pages\/139","targetHints":{"allow":["GET"]}}],"collection":[{"href":"https:\/\/psicologa.org.es\/sabadell\/wp-json\/wp\/v2\/pages"}],"about":[{"href":"https:\/\/psicologa.org.es\/sabadell\/wp-json\/wp\/v2\/types\/page"}],"author":[{"embeddable":true,"href":"https:\/\/psicologa.org.es\/sabadell\/wp-json\/wp\/v2\/users\/1"}],"replies":[{"embeddable":true,"href":"https:\/\/psicologa.org.es\/sabadell\/wp-json\/wp\/v2\/comments?post=139"}],"version-history":[{"count":0,"href":"https:\/\/psicologa.org.es\/sabadell\/wp-json\/wp\/v2\/pages\/139\/revisions"}],"wp:attachment":[{"href":"https:\/\/psicologa.org.es\/sabadell\/wp-json\/wp\/v2\/media?parent=139"}],"curies":[{"name":"wp","href":"https:\/\/api.w.org\/{rel}","templated":true}]}}