{"id":148,"date":"2018-02-23T09:37:55","date_gmt":"2018-02-23T09:37:55","guid":{"rendered":"http:\/\/bridge163.qodeinteractive.com\/?page_id=148"},"modified":"2021-01-20T17:35:44","modified_gmt":"2021-01-20T17:35:44","slug":"dr-smiths-biography","status":"publish","type":"page","link":"https:\/\/psicologa.org.es\/sabadell\/dr-smiths-biography\/","title":{"rendered":"Dr. Smith&#8217;s Biography"},"content":{"rendered":"<p>[vc_row css_animation=\u00bb\u00bb row_type=\u00bbrow\u00bb use_row_as_full_screen_section=\u00bbno\u00bb type=\u00bbfull_width\u00bb angled_section=\u00bbno\u00bb text_align=\u00bbleft\u00bb background_image_as_pattern=\u00bbwithout_pattern\u00bb css=\u00bb.vc_custom_1519380412703{margin-top: -7px !important;}\u00bb z_index=\u00bb\u00bb][vc_column][vc_single_image image=\u00bb172&#8243; img_size=\u00bbfull\u00bb alignment=\u00bbcenter\u00bb qode_css_animation=\u00bb\u00bb][\/vc_column][\/vc_row][vc_row css_animation=\u00bb\u00bb row_type=\u00bbrow\u00bb use_row_as_full_screen_section=\u00bbno\u00bb type=\u00bbgrid\u00bb angled_section=\u00bbno\u00bb text_align=\u00bbleft\u00bb background_image_as_pattern=\u00bbwithout_pattern\u00bb z_index=\u00bb\u00bb css=\u00bb.vc_custom_1519385368563{padding-top: 50px !important;padding-bottom: 35px !important;}\u00bb][vc_column offset=\u00bbvc_col-lg-offset-2 vc_col-lg-4 vc_col-md-12&#8243;][vc_column_text]<\/p>\n<h1>35 years of work<br \/>\nexperience<\/h1>\n<p>[\/vc_column_text][vc_separator type=\u00bbsmall\u00bb position=\u00bbleft\u00bb color=\u00bb#000000&#8243; thickness=\u00bb2&#8243; width=\u00bb105&#8243; up=\u00bb20&#8243; down=\u00bb23&#8243;][vc_column_text]As in anything that matters, it is important to choose wisely when it comes to mental health. Psychiatrists have received extensive medical and psychiatric training (this combined training usually spans almost.[\/vc_column_text][vc_empty_space height=\u00bb27px\u00bb][vc_column_text]That takes into account mind and body, psychiatrists are uniquely suited to assess your problems in a comprehensive fashion. Psychiatrists have received extensive medical and psychiatric training.[\/vc_column_text][vc_empty_space height=\u00bb30px\u00bb][\/vc_column][vc_column offset=\u00bbvc_col-lg-4 vc_col-md-12&#8243;][vc_column_text]<\/p>\n<h1>awarded therapist<br \/>\nworkshops<\/h1>\n<p>[\/vc_column_text][vc_separator type=\u00bbsmall\u00bb position=\u00bbleft\u00bb color=\u00bb#000000&#8243; thickness=\u00bb2&#8243; width=\u00bb105&#8243; up=\u00bb20&#8243; down=\u00bb23&#8243;][vc_column_text]As in anything that matters, it is important to choose wisely when it comes to mental health. Psychiatrists have received extensive medical and psychiatric training (this combined training usually spans almost a decade) and they function as therapists.[\/vc_column_text][vc_empty_space height=\u00bb27px\u00bb][vc_column_text]Psychiatrists have received extensive medical and psychiatric training (this combined training usually. Spans almost a decade and they function great.[\/vc_column_text][vc_empty_space height=\u00bb30px\u00bb][\/vc_column][\/vc_row][vc_row css_animation=\u00bb\u00bb row_type=\u00bbrow\u00bb use_row_as_full_screen_section=\u00bbno\u00bb type=\u00bbgrid\u00bb angled_section=\u00bbno\u00bb text_align=\u00bbcenter\u00bb background_image_as_pattern=\u00bbwithout_pattern\u00bb z_index=\u00bb\u00bb css=\u00bb.vc_custom_1519381282185{padding-top: 25px !important;padding-bottom: 37px !important;}\u00bb][vc_column][vc_raw_html]JTVCem9vbV9saXN0X21lZXRpbmdzJTIwcGVyX3BhZ2UlM0QlMjI1JTIyJTIwY2F0ZWdvcnklM0QlMjJ0ZXN0JTJDdGVzdDIlMkN0ZXN0MyUyMiUyMG9yZGVyJTNEJTIyQVNDJTIyJTIwdHlwZSUzRCUyMnVwY29taW5nJTIyJTIwZmlsdGVyJTNEJTIybm8lMjIlNUQlMEElMEE=[\/vc_raw_html][\/vc_column][\/vc_row][vc_row css_animation=\u00bb\u00bb row_type=\u00bbrow\u00bb use_row_as_full_screen_section=\u00bbno\u00bb type=\u00bbgrid\u00bb angled_section=\u00bbno\u00bb text_align=\u00bbleft\u00bb background_image_as_pattern=\u00bbwithout_pattern\u00bb z_index=\u00bb\u00bb css=\u00bb.vc_custom_1519382760678{padding-top: 25px !important;}\u00bb][vc_column offset=\u00bbvc_col-lg-4 vc_col-md-12&#8243;][counter type=\u00bbzero\u00bb box=\u00bbno\u00bb position=\u00bbcenter\u00bb font_weight=\u00bb400&#8243; text_font_weight=\u00bb400&#8243; text_transform=\u00bbnone\u00bb separator=\u00bbno\u00bb digit=\u00bb92&#8243; font_size=\u00bb90&#8243; text=\u00bb<i>Psychology workshops organized by best experts<\/i>\u00bb text_size=\u00bb24&#8243; font_color=\u00bb#000000&#8243; text_color=\u00bb#000000&#8243;][\/vc_column][vc_column offset=\u00bbvc_col-lg-4 vc_col-md-12&#8243;][counter type=\u00bbzero\u00bb box=\u00bbno\u00bb position=\u00bbcenter\u00bb font_weight=\u00bb400&#8243; text_font_weight=\u00bb400&#8243; text_transform=\u00bbnone\u00bb separator=\u00bbno\u00bb digit=\u00bb135&#8243; font_size=\u00bb90&#8243; text=\u00bb<i>Industry conferences attended in USA only<\/i>\u00bb text_size=\u00bb24&#8243; font_color=\u00bb#000000&#8243; text_color=\u00bb#000000&#8243;][\/vc_column][vc_column offset=\u00bbvc_col-lg-4 vc_col-md-12&#8243;][counter type=\u00bbzero\u00bb box=\u00bbno\u00bb position=\u00bbcenter\u00bb font_weight=\u00bb400&#8243; text_font_weight=\u00bb400&#8243; text_transform=\u00bbnone\u00bb separator=\u00bbno\u00bb digit=\u00bb92&#8243; font_size=\u00bb90&#8243; text=\u00bb<i>Best psychology workshops even for total amateurs<\/i>\u00bb text_size=\u00bb24&#8243; font_color=\u00bb#000000&#8243; text_color=\u00bb#000000&#8243;][\/vc_column][\/vc_row][vc_row css_animation=\u00bb\u00bb row_type=\u00bbrow\u00bb use_row_as_full_screen_section=\u00bbno\u00bb type=\u00bbfull_width\u00bb angled_section=\u00bbno\u00bb text_align=\u00bbleft\u00bb background_image_as_pattern=\u00bbwithout_pattern\u00bb css=\u00bb.vc_custom_1519383927938{padding-top: 50px !important;}\u00bb z_index=\u00bb\u00bb][vc_column][vc_single_image image=\u00bb213&#8243; img_size=\u00bbfull\u00bb alignment=\u00bbcenter\u00bb qode_css_animation=\u00bb\u00bb][vc_row_inner row_type=\u00bbrow\u00bb type=\u00bbgrid\u00bb text_align=\u00bbleft\u00bb css_animation=\u00bb\u00bb css=\u00bb.vc_custom_1519384328012{padding-top: 30px !important;}\u00bb][vc_column_inner offset=\u00bbvc_col-lg-offset-2 vc_col-lg-4 vc_col-md-12&#8243;][vc_column_text]<\/p>\n<h1>Guest Lecturing<\/h1>\n<p>[\/vc_column_text][vc_separator type=\u00bbsmall\u00bb position=\u00bbleft\u00bb color=\u00bb#000000&#8243; thickness=\u00bb2&#8243; width=\u00bb105&#8243; up=\u00bb20&#8243; down=\u00bb23&#8243;][vc_column_text]That takes into account mind and body, psychiatrists are uniquely suited to assess your problems in a comprehensive fashion. Psychiatrists have received extensive medical and psychiatric training.[\/vc_column_text][vc_empty_space height=\u00bb30px\u00bb][\/vc_column_inner][vc_column_inner offset=\u00bbvc_col-lg-4 vc_col-md-12&#8243;][vc_column_text]<\/p>\n<h1>Guest Lecturing<\/h1>\n<p>[\/vc_column_text][vc_separator type=\u00bbsmall\u00bb position=\u00bbleft\u00bb color=\u00bb#000000&#8243; thickness=\u00bb2&#8243; width=\u00bb105&#8243; up=\u00bb20&#8243; down=\u00bb23&#8243;][vc_column_text]That takes into account mind and body, psychiatrists are uniquely suited to assess your problems in a comprehensive fashion. Psychiatrists have received extensive medical and psychiatric training.[\/vc_column_text][vc_empty_space height=\u00bb30px\u00bb][\/vc_column_inner][\/vc_row_inner][\/vc_column][\/vc_row][vc_row css_animation=\u00bb\u00bb row_type=\u00bbrow\u00bb use_row_as_full_screen_section=\u00bbno\u00bb type=\u00bbgrid\u00bb angled_section=\u00bbno\u00bb text_align=\u00bbcenter\u00bb background_image_as_pattern=\u00bbwithout_pattern\u00bb z_index=\u00bb\u00bb css=\u00bb.vc_custom_1519385422710{padding-top: 90px !important;padding-bottom: 100px !important;}\u00bb][vc_column][testimonials_carousel number_per_slide=\u00bb3&#8243; order_by=\u00bbtitle\u00bb order=\u00bbASC\u00bb author_image=\u00bbyes\u00bb show_navigation=\u00bbyes\u00bb navigation_style=\u00bbdark\u00bb auto_rotate_slides=\u00bb3&#8243;][qode_button_v2 target=\u00bb_self\u00bb icon_pack=\u00bbfont_awesome\u00bb icon=\u00bbfa-angle-right\u00bb hover_effect=\u00bbicon_rotate\u00bb gradient=\u00bbno\u00bb text=\u00bbMake an appointment\u00bb link=\u00bb#\u00bb icon_font_size=\u00bb15&#8243;][\/vc_column][\/vc_row]<\/p>\n","protected":false},"excerpt":{"rendered":"<p>[vc_row css_animation=\u00bb\u00bb row_type=\u00bbrow\u00bb use_row_as_full_screen_section=\u00bbno\u00bb type=\u00bbfull_width\u00bb angled_section=\u00bbno\u00bb text_align=\u00bbleft\u00bb background_image_as_pattern=\u00bbwithout_pattern\u00bb css=\u00bb.vc_custom_1519380412703{margin-top: -7px !important;}\u00bb z_index=\u00bb\u00bb][vc_column][vc_single_image image=\u00bb172&#8243; img_size=\u00bbfull\u00bb alignment=\u00bbcenter\u00bb qode_css_animation=\u00bb\u00bb][\/vc_column][\/vc_row][vc_row css_animation=\u00bb\u00bb row_type=\u00bbrow\u00bb use_row_as_full_screen_section=\u00bbno\u00bb type=\u00bbgrid\u00bb [&hellip;]<\/p>\n","protected":false},"author":1,"featured_media":0,"parent":0,"menu_order":0,"comment_status":"closed","ping_status":"closed","template":"full_width.php","meta":{"site-sidebar-layout":"default","site-content-layout":"","ast-site-content-layout":"default","site-content-style":"default","site-sidebar-style":"default","ast-global-header-display":"","ast-banner-title-visibility":"","ast-main-header-display":"","ast-hfb-above-header-display":"","ast-hfb-below-header-display":"","ast-hfb-mobile-header-display":"","site-post-title":"","ast-breadcrumbs-content":"","ast-featured-img":"","footer-sml-layout":"","ast-disable-related-posts":"","theme-transparent-header-meta":"","adv-header-id-meta":"","stick-header-meta":"","header-above-stick-meta":"","header-main-stick-meta":"","header-below-stick-meta":"","astra-migrate-meta-layouts":"default","ast-page-background-enabled":"default","ast-page-background-meta":{"desktop":{"background-color":"var(--ast-global-color-5)","background-image":"","background-repeat":"repeat","background-position":"center center","background-size":"auto","background-attachment":"scroll","background-type":"","background-media":"","overlay-type":"","overlay-color":"","overlay-opacity":"","overlay-gradient":""},"tablet":{"background-color":"","background-image":"","background-repeat":"repeat","background-position":"center center","background-size":"auto","background-attachment":"scroll","background-type":"","background-media":"","overlay-type":"","overlay-color":"","overlay-opacity":"","overlay-gradient":""},"mobile":{"background-color":"","background-image":"","background-repeat":"repeat","background-position":"center center","background-size":"auto","background-attachment":"scroll","background-type":"","background-media":"","overlay-type":"","overlay-color":"","overlay-opacity":"","overlay-gradient":""}},"ast-content-background-meta":{"desktop":{"background-color":"var(--ast-global-color-4)","background-image":"","background-repeat":"repeat","background-position":"center center","background-size":"auto","background-attachment":"scroll","background-type":"","background-media":"","overlay-type":"","overlay-color":"","overlay-opacity":"","overlay-gradient":""},"tablet":{"background-color":"var(--ast-global-color-4)","background-image":"","background-repeat":"repeat","background-position":"center center","background-size":"auto","background-attachment":"scroll","background-type":"","background-media":"","overlay-type":"","overlay-color":"","overlay-opacity":"","overlay-gradient":""},"mobile":{"background-color":"var(--ast-global-color-4)","background-image":"","background-repeat":"repeat","background-position":"center center","background-size":"auto","background-attachment":"scroll","background-type":"","background-media":"","overlay-type":"","overlay-color":"","overlay-opacity":"","overlay-gradient":""}},"footnotes":""},"class_list":["post-148","page","type-page","status-publish","hentry"],"yoast_head":"<!-- This site is optimized with the Yoast SEO plugin v27.2 - https:\/\/yoast.com\/product\/yoast-seo-wordpress\/ -->\n<title>Dr. Smith&#039;s Biography - PSIC\u00d3LOGOS SABADELL | PSIC\u00d3LOGO FAMILIAR | DEPRESI\u00d3N |ANSIEDAD | ADICIONES | TERAPIA DE PAREJA<\/title>\n<meta name=\"robots\" content=\"index, follow, max-snippet:-1, max-image-preview:large, max-video-preview:-1\" \/>\n<link rel=\"canonical\" href=\"https:\/\/psicologa.org.es\/sabadell\/dr-smiths-biography\/\" \/>\n<meta property=\"og:locale\" content=\"es_ES\" \/>\n<meta property=\"og:type\" content=\"article\" \/>\n<meta property=\"og:title\" content=\"Dr. Smith&#039;s Biography - PSIC\u00d3LOGOS SABADELL | PSIC\u00d3LOGO FAMILIAR | DEPRESI\u00d3N |ANSIEDAD | ADICIONES | TERAPIA DE PAREJA\" \/>\n<meta property=\"og:description\" content=\"[vc_row css_animation=\u00bb\u00bb row_type=\u00bbrow\u00bb use_row_as_full_screen_section=\u00bbno\u00bb type=\u00bbfull_width\u00bb angled_section=\u00bbno\u00bb text_align=\u00bbleft\u00bb background_image_as_pattern=\u00bbwithout_pattern\u00bb css=\u00bb.vc_custom_1519380412703{margin-top: -7px !important;}\u00bb z_index=\u00bb\u00bb][vc_column][vc_single_image image=\u00bb172&#8243; img_size=\u00bbfull\u00bb alignment=\u00bbcenter\u00bb qode_css_animation=\u00bb\u00bb][\/vc_column][\/vc_row][vc_row css_animation=\u00bb\u00bb row_type=\u00bbrow\u00bb use_row_as_full_screen_section=\u00bbno\u00bb type=\u00bbgrid\u00bb [&hellip;]\" \/>\n<meta property=\"og:url\" content=\"https:\/\/psicologa.org.es\/sabadell\/dr-smiths-biography\/\" \/>\n<meta property=\"og:site_name\" content=\"PSIC\u00d3LOGOS SABADELL | PSIC\u00d3LOGO FAMILIAR | DEPRESI\u00d3N |ANSIEDAD | ADICIONES | TERAPIA DE PAREJA\" \/>\n<meta property=\"article:modified_time\" content=\"2021-01-20T17:35:44+00:00\" \/>\n<meta name=\"twitter:card\" content=\"summary_large_image\" \/>\n<meta name=\"twitter:label1\" content=\"Tiempo de lectura\" \/>\n\t<meta name=\"twitter:data1\" content=\"4 minutos\" \/>\n<script type=\"application\/ld+json\" class=\"yoast-schema-graph\">{\"@context\":\"https:\/\/schema.org\",\"@graph\":[{\"@type\":\"WebPage\",\"@id\":\"https:\/\/psicologa.org.es\/sabadell\/dr-smiths-biography\/\",\"url\":\"https:\/\/psicologa.org.es\/sabadell\/dr-smiths-biography\/\",\"name\":\"Dr. Smith's Biography - PSIC\u00d3LOGOS SABADELL | PSIC\u00d3LOGO FAMILIAR | DEPRESI\u00d3N |ANSIEDAD | ADICIONES | TERAPIA DE PAREJA\",\"isPartOf\":{\"@id\":\"https:\/\/psicologa.org.es\/sabadell\/#website\"},\"datePublished\":\"2018-02-23T09:37:55+00:00\",\"dateModified\":\"2021-01-20T17:35:44+00:00\",\"breadcrumb\":{\"@id\":\"https:\/\/psicologa.org.es\/sabadell\/dr-smiths-biography\/#breadcrumb\"},\"inLanguage\":\"es\",\"potentialAction\":[{\"@type\":\"ReadAction\",\"target\":[\"https:\/\/psicologa.org.es\/sabadell\/dr-smiths-biography\/\"]}]},{\"@type\":\"BreadcrumbList\",\"@id\":\"https:\/\/psicologa.org.es\/sabadell\/dr-smiths-biography\/#breadcrumb\",\"itemListElement\":[{\"@type\":\"ListItem\",\"position\":1,\"name\":\"Home\",\"item\":\"https:\/\/psicologa.org.es\/sabadell\/\"},{\"@type\":\"ListItem\",\"position\":2,\"name\":\"Dr. Smith&#8217;s Biography\"}]},{\"@type\":\"WebSite\",\"@id\":\"https:\/\/psicologa.org.es\/sabadell\/#website\",\"url\":\"https:\/\/psicologa.org.es\/sabadell\/\",\"name\":\"PSIC\u00d3LOGOS SABADELL | PSIC\u00d3LOGO FAMILIAR | DEPRESI\u00d3N |ANSIEDAD | ADICIONES | TERAPIA DE PAREJA\",\"description\":\"Los psic\u00f3logos m\u00e1s recomendados de Sabadell: consulta opiniones, comprueba su disponibilidad y pide online tu cita en segundos. \u00a1Es gratis! Psic\u00f3loga especializada en desarrollo personal y terapia de pareja.\",\"potentialAction\":[{\"@type\":\"SearchAction\",\"target\":{\"@type\":\"EntryPoint\",\"urlTemplate\":\"https:\/\/psicologa.org.es\/sabadell\/?s={search_term_string}\"},\"query-input\":{\"@type\":\"PropertyValueSpecification\",\"valueRequired\":true,\"valueName\":\"search_term_string\"}}],\"inLanguage\":\"es\"}]}<\/script>\n<!-- \/ Yoast SEO plugin. -->","yoast_head_json":{"title":"Dr. Smith's Biography - PSIC\u00d3LOGOS SABADELL | PSIC\u00d3LOGO FAMILIAR | DEPRESI\u00d3N |ANSIEDAD | ADICIONES | TERAPIA DE PAREJA","robots":{"index":"index","follow":"follow","max-snippet":"max-snippet:-1","max-image-preview":"max-image-preview:large","max-video-preview":"max-video-preview:-1"},"canonical":"https:\/\/psicologa.org.es\/sabadell\/dr-smiths-biography\/","og_locale":"es_ES","og_type":"article","og_title":"Dr. Smith's Biography - PSIC\u00d3LOGOS SABADELL | PSIC\u00d3LOGO FAMILIAR | DEPRESI\u00d3N |ANSIEDAD | ADICIONES | TERAPIA DE PAREJA","og_description":"[vc_row css_animation=\u00bb\u00bb row_type=\u00bbrow\u00bb use_row_as_full_screen_section=\u00bbno\u00bb type=\u00bbfull_width\u00bb angled_section=\u00bbno\u00bb text_align=\u00bbleft\u00bb background_image_as_pattern=\u00bbwithout_pattern\u00bb css=\u00bb.vc_custom_1519380412703{margin-top: -7px !important;}\u00bb z_index=\u00bb\u00bb][vc_column][vc_single_image image=\u00bb172&#8243; img_size=\u00bbfull\u00bb alignment=\u00bbcenter\u00bb qode_css_animation=\u00bb\u00bb][\/vc_column][\/vc_row][vc_row css_animation=\u00bb\u00bb row_type=\u00bbrow\u00bb use_row_as_full_screen_section=\u00bbno\u00bb type=\u00bbgrid\u00bb [&hellip;]","og_url":"https:\/\/psicologa.org.es\/sabadell\/dr-smiths-biography\/","og_site_name":"PSIC\u00d3LOGOS SABADELL | PSIC\u00d3LOGO FAMILIAR | DEPRESI\u00d3N |ANSIEDAD | ADICIONES | TERAPIA DE PAREJA","article_modified_time":"2021-01-20T17:35:44+00:00","twitter_card":"summary_large_image","twitter_misc":{"Tiempo de lectura":"4 minutos"},"schema":{"@context":"https:\/\/schema.org","@graph":[{"@type":"WebPage","@id":"https:\/\/psicologa.org.es\/sabadell\/dr-smiths-biography\/","url":"https:\/\/psicologa.org.es\/sabadell\/dr-smiths-biography\/","name":"Dr. Smith's Biography - PSIC\u00d3LOGOS SABADELL | PSIC\u00d3LOGO FAMILIAR | DEPRESI\u00d3N |ANSIEDAD | ADICIONES | TERAPIA DE PAREJA","isPartOf":{"@id":"https:\/\/psicologa.org.es\/sabadell\/#website"},"datePublished":"2018-02-23T09:37:55+00:00","dateModified":"2021-01-20T17:35:44+00:00","breadcrumb":{"@id":"https:\/\/psicologa.org.es\/sabadell\/dr-smiths-biography\/#breadcrumb"},"inLanguage":"es","potentialAction":[{"@type":"ReadAction","target":["https:\/\/psicologa.org.es\/sabadell\/dr-smiths-biography\/"]}]},{"@type":"BreadcrumbList","@id":"https:\/\/psicologa.org.es\/sabadell\/dr-smiths-biography\/#breadcrumb","itemListElement":[{"@type":"ListItem","position":1,"name":"Home","item":"https:\/\/psicologa.org.es\/sabadell\/"},{"@type":"ListItem","position":2,"name":"Dr. Smith&#8217;s Biography"}]},{"@type":"WebSite","@id":"https:\/\/psicologa.org.es\/sabadell\/#website","url":"https:\/\/psicologa.org.es\/sabadell\/","name":"PSIC\u00d3LOGOS SABADELL | PSIC\u00d3LOGO FAMILIAR | DEPRESI\u00d3N |ANSIEDAD | ADICIONES | TERAPIA DE PAREJA","description":"Los psic\u00f3logos m\u00e1s recomendados de Sabadell: consulta opiniones, comprueba su disponibilidad y pide online tu cita en segundos. \u00a1Es gratis! Psic\u00f3loga especializada en desarrollo personal y terapia de pareja.","potentialAction":[{"@type":"SearchAction","target":{"@type":"EntryPoint","urlTemplate":"https:\/\/psicologa.org.es\/sabadell\/?s={search_term_string}"},"query-input":{"@type":"PropertyValueSpecification","valueRequired":true,"valueName":"search_term_string"}}],"inLanguage":"es"}]}},"_links":{"self":[{"href":"https:\/\/psicologa.org.es\/sabadell\/wp-json\/wp\/v2\/pages\/148","targetHints":{"allow":["GET"]}}],"collection":[{"href":"https:\/\/psicologa.org.es\/sabadell\/wp-json\/wp\/v2\/pages"}],"about":[{"href":"https:\/\/psicologa.org.es\/sabadell\/wp-json\/wp\/v2\/types\/page"}],"author":[{"embeddable":true,"href":"https:\/\/psicologa.org.es\/sabadell\/wp-json\/wp\/v2\/users\/1"}],"replies":[{"embeddable":true,"href":"https:\/\/psicologa.org.es\/sabadell\/wp-json\/wp\/v2\/comments?post=148"}],"version-history":[{"count":2,"href":"https:\/\/psicologa.org.es\/sabadell\/wp-json\/wp\/v2\/pages\/148\/revisions"}],"predecessor-version":[{"id":498,"href":"https:\/\/psicologa.org.es\/sabadell\/wp-json\/wp\/v2\/pages\/148\/revisions\/498"}],"wp:attachment":[{"href":"https:\/\/psicologa.org.es\/sabadell\/wp-json\/wp\/v2\/media?parent=148"}],"curies":[{"name":"wp","href":"https:\/\/api.w.org\/{rel}","templated":true}]}}