{"id":248,"date":"2018-02-23T11:36:21","date_gmt":"2018-02-23T11:36:21","guid":{"rendered":"http:\/\/bridge163.qodeinteractive.com\/?page_id=248"},"modified":"2018-02-23T11:36:21","modified_gmt":"2018-02-23T11:36:21","slug":"professional-services","status":"publish","type":"page","link":"https:\/\/psicologa.org.es\/sabadell\/professional-services\/","title":{"rendered":"Professional Services"},"content":{"rendered":"<p>[vc_row css_animation=\u00bb\u00bb row_type=\u00bbrow\u00bb use_row_as_full_screen_section=\u00bbno\u00bb type=\u00bbfull_width\u00bb angled_section=\u00bbno\u00bb text_align=\u00bbleft\u00bb background_image_as_pattern=\u00bbwithout_pattern\u00bb css=\u00bb.vc_custom_1519388395358{padding-top: 30px !important;}\u00bb z_index=\u00bb\u00bb][vc_column][vc_single_image image=\u00bb259&#8243; img_size=\u00bbfull\u00bb alignment=\u00bbcenter\u00bb qode_css_animation=\u00bb\u00bb][\/vc_column][\/vc_row][vc_row css_animation=\u00bb\u00bb row_type=\u00bbrow\u00bb use_row_as_full_screen_section=\u00bbno\u00bb type=\u00bbgrid\u00bb angled_section=\u00bbno\u00bb text_align=\u00bbleft\u00bb background_image_as_pattern=\u00bbwithout_pattern\u00bb z_index=\u00bb\u00bb css=\u00bb.vc_custom_1519388725748{padding-top: 70px !important;padding-bottom: 55px !important;}\u00bb][vc_column offset=\u00bbvc_col-lg-offset-2 vc_col-lg-4 vc_col-md-12&#8243;][vc_column_text]<\/p>\n<h1>Personal Therapy<\/h1>\n<p>[\/vc_column_text][vc_separator type=\u00bbsmall\u00bb position=\u00bbleft\u00bb color=\u00bb#000000&#8243; thickness=\u00bb2&#8243; width=\u00bb105&#8243; up=\u00bb20&#8243; down=\u00bb23&#8243;][vc_column_text]As in anything that matters, it is important to choose wisely when it comes to mental health. Psychiatrists have received extensive medical and psychiatric training (this combined training usually spans almost.[\/vc_column_text][vc_empty_space height=\u00bb35px\u00bb][\/vc_column][vc_column offset=\u00bbvc_col-lg-offset-0 vc_col-lg-4 vc_col-md-12&#8243;][progress_bar title_tag=\u00bbh3&#8243; percent_font_weight=\u00bb600&#8243; gradient=\u00bbno\u00bb title=\u00bbTherapy\u00bb title_color=\u00bb#000000&#8243; percent=\u00bb45&#8243; percent_color=\u00bb#000000&#8243; active_background_color=\u00bb#000000&#8243; active_border_color=\u00bb#000000&#8243; noactive_background_color=\u00bb#dcdcdc\u00bb height=\u00bb2&#8243; percent_font_size=\u00bb19&#8243;][progress_bar title_tag=\u00bbh3&#8243; percent_font_weight=\u00bb600&#8243; gradient=\u00bbno\u00bb title=\u00bbCouples Councelling\u00bb title_color=\u00bb#000000&#8243; percent=\u00bb76&#8243; percent_color=\u00bb#000000&#8243; active_background_color=\u00bb#000000&#8243; active_border_color=\u00bb#000000&#8243; noactive_background_color=\u00bb#dcdcdc\u00bb height=\u00bb2&#8243; percent_font_size=\u00bb19&#8243;][progress_bar title_tag=\u00bbh3&#8243; percent_font_weight=\u00bb600&#8243; gradient=\u00bbno\u00bb title=\u00bbGroup Workshops\u00bb title_color=\u00bb#000000&#8243; percent=\u00bb45&#8243; percent_color=\u00bb#000000&#8243; active_background_color=\u00bb#000000&#8243; active_border_color=\u00bb#000000&#8243; noactive_background_color=\u00bb#dcdcdc\u00bb height=\u00bb2&#8243; percent_font_size=\u00bb19&#8243;][vc_empty_space height=\u00bb35px\u00bb][\/vc_column][\/vc_row][vc_row css_animation=\u00bb\u00bb row_type=\u00bbrow\u00bb use_row_as_full_screen_section=\u00bbno\u00bb type=\u00bbgrid\u00bb angled_section=\u00bbno\u00bb text_align=\u00bbleft\u00bb background_image_as_pattern=\u00bbwithout_pattern\u00bb z_index=\u00bb\u00bb][vc_column css=\u00bb.vc_custom_1519388802583{margin-top: 5px !important;padding-right: 2px !important;padding-left: 2px !important;}\u00bb offset=\u00bbvc_col-lg-4 vc_col-md-4&#8243;][qode_elements_holder number_of_columns=\u00bbthree_columns\u00bb][qode_elements_holder_item background_color=\u00bb#ffffff\u00bb item_padding=\u00bb50px 35px 22px\u00bb horizontal_alignment=\u00bbcenter\u00bb advanced_animations=\u00bbno\u00bb item_padding_1024_1280=\u00bb50px 18px 22px\u00bb custom_class=\u00bbeh-with-shadow\u00bb][vc_single_image image=\u00bb57&#8243; img_size=\u00bbfull\u00bb alignment=\u00bbcenter\u00bb qode_css_animation=\u00bb\u00bb][vc_empty_space height=\u00bb35px\u00bb][vc_column_text]<\/p>\n<h3>High Quality<br \/>\nCouple Councelling<\/h3>\n<p>[\/vc_column_text][vc_separator type=\u00bbsmall\u00bb position=\u00bbcenter\u00bb color=\u00bb#000000&#8243; thickness=\u00bb2&#8243; width=\u00bb105&#8243; up=\u00bb20&#8243; down=\u00bb21&#8243;][vc_column_text]Lorem ipsum dolor sit amet, pri eu menandri delatissimi, no vis affert aliquen nea motiv.[\/vc_column_text][vc_empty_space height=\u00bb7px\u00bb][button target=\u00bb_self\u00bb hover_type=\u00bbdefault\u00bb button_shadow=\u00bbno\u00bb text=\u00bbExplore\u00bb link=\u00bb#\u00bb][\/qode_elements_holder_item][\/qode_elements_holder][\/vc_column][vc_column css=\u00bb.vc_custom_1519388807625{margin-top: 5px !important;padding-right: 2px !important;padding-left: 2px !important;}\u00bb offset=\u00bbvc_col-lg-4 vc_col-md-4&#8243;][qode_elements_holder number_of_columns=\u00bbthree_columns\u00bb][qode_elements_holder_item background_color=\u00bb#ffffff\u00bb item_padding=\u00bb50px 35px 22px\u00bb horizontal_alignment=\u00bbcenter\u00bb advanced_animations=\u00bbno\u00bb item_padding_1024_1280=\u00bb50px 18px 22px\u00bb custom_class=\u00bbeh-with-shadow\u00bb][vc_single_image image=\u00bb54&#8243; img_size=\u00bbfull\u00bb alignment=\u00bbcenter\u00bb qode_css_animation=\u00bb\u00bb][vc_empty_space height=\u00bb35px\u00bb][vc_column_text]<\/p>\n<h3>High Quality<br \/>\nChild Councelling<\/h3>\n<p>[\/vc_column_text][vc_separator type=\u00bbsmall\u00bb position=\u00bbcenter\u00bb color=\u00bb#000000&#8243; thickness=\u00bb2&#8243; width=\u00bb105&#8243; up=\u00bb20&#8243; down=\u00bb21&#8243;][vc_column_text]Lorem ipsum dolor sit amet, pri eu menandri delatissimi, no vis affert aliquen nea motiv.[\/vc_column_text][vc_empty_space height=\u00bb7px\u00bb][button target=\u00bb_self\u00bb hover_type=\u00bbdefault\u00bb button_shadow=\u00bbno\u00bb text=\u00bbExplore\u00bb link=\u00bb#\u00bb][\/qode_elements_holder_item][\/qode_elements_holder][\/vc_column][vc_column css=\u00bb.vc_custom_1519388812914{margin-top: 5px !important;padding-right: 2px !important;padding-left: 2px !important;}\u00bb offset=\u00bbvc_col-lg-4 vc_col-md-4&#8243;][qode_elements_holder number_of_columns=\u00bbthree_columns\u00bb][qode_elements_holder_item background_color=\u00bb#ffffff\u00bb item_padding=\u00bb50px 35px 22px\u00bb horizontal_alignment=\u00bbcenter\u00bb advanced_animations=\u00bbno\u00bb item_padding_1024_1280=\u00bb50px 18px 22px\u00bb custom_class=\u00bbeh-with-shadow\u00bb][vc_single_image image=\u00bb55&#8243; img_size=\u00bbfull\u00bb alignment=\u00bbcenter\u00bb qode_css_animation=\u00bb\u00bb][vc_empty_space height=\u00bb35px\u00bb][vc_column_text]<\/p>\n<h3>High Quality<br \/>\nCarier Councelling<\/h3>\n<p>[\/vc_column_text][vc_separator type=\u00bbsmall\u00bb position=\u00bbcenter\u00bb color=\u00bb#000000&#8243; thickness=\u00bb2&#8243; width=\u00bb105&#8243; up=\u00bb20&#8243; down=\u00bb21&#8243;][vc_column_text]Lorem ipsum dolor sit amet, pri eu menandri delatissimi, no vis affert aliquen nea motiv.[\/vc_column_text][vc_empty_space height=\u00bb7px\u00bb][button target=\u00bb_self\u00bb hover_type=\u00bbdefault\u00bb button_shadow=\u00bbno\u00bb text=\u00bbExplore\u00bb link=\u00bb#\u00bb][\/qode_elements_holder_item][\/qode_elements_holder][\/vc_column][\/vc_row][vc_row css_animation=\u00bb\u00bb row_type=\u00bbrow\u00bb use_row_as_full_screen_section=\u00bbno\u00bb type=\u00bbgrid\u00bb angled_section=\u00bbno\u00bb text_align=\u00bbleft\u00bb background_image_as_pattern=\u00bbwithout_pattern\u00bb z_index=\u00bb\u00bb][vc_column css=\u00bb.vc_custom_1519388819102{margin-top: 4px !important;padding-right: 2px !important;padding-left: 2px !important;}\u00bb offset=\u00bbvc_col-lg-4 vc_col-md-4&#8243;][qode_elements_holder number_of_columns=\u00bbthree_columns\u00bb][qode_elements_holder_item background_color=\u00bb#ffffff\u00bb item_padding=\u00bb50px 35px 22px\u00bb horizontal_alignment=\u00bbcenter\u00bb advanced_animations=\u00bbno\u00bb item_padding_1024_1280=\u00bb50px 18px 22px\u00bb custom_class=\u00bbeh-with-shadow\u00bb][vc_single_image image=\u00bb54&#8243; img_size=\u00bbfull\u00bb alignment=\u00bbcenter\u00bb qode_css_animation=\u00bb\u00bb][vc_empty_space height=\u00bb35px\u00bb][vc_column_text]<\/p>\n<h3>High Quality<br \/>\nCouple Councelling<\/h3>\n<p>[\/vc_column_text][vc_separator type=\u00bbsmall\u00bb position=\u00bbcenter\u00bb color=\u00bb#000000&#8243; thickness=\u00bb2&#8243; width=\u00bb105&#8243; up=\u00bb20&#8243; down=\u00bb21&#8243;][vc_column_text]Lorem ipsum dolor sit amet, pri eu menandri delatissimi, no vis affert aliquen nea motiv.[\/vc_column_text][vc_empty_space height=\u00bb7px\u00bb][button target=\u00bb_self\u00bb hover_type=\u00bbdefault\u00bb button_shadow=\u00bbno\u00bb text=\u00bbExplore\u00bb link=\u00bb#\u00bb][\/qode_elements_holder_item][\/qode_elements_holder][\/vc_column][vc_column css=\u00bb.vc_custom_1519388824553{margin-top: 4px !important;padding-right: 2px !important;padding-left: 2px !important;}\u00bb offset=\u00bbvc_col-lg-4 vc_col-md-4&#8243;][qode_elements_holder number_of_columns=\u00bbthree_columns\u00bb][qode_elements_holder_item background_color=\u00bb#ffffff\u00bb item_padding=\u00bb50px 35px 22px\u00bb horizontal_alignment=\u00bbcenter\u00bb advanced_animations=\u00bbno\u00bb item_padding_1024_1280=\u00bb50px 18px 22px\u00bb custom_class=\u00bbeh-with-shadow\u00bb][vc_single_image image=\u00bb55&#8243; img_size=\u00bbfull\u00bb alignment=\u00bbcenter\u00bb qode_css_animation=\u00bb\u00bb][vc_empty_space height=\u00bb35px\u00bb][vc_column_text]<\/p>\n<h3>High Quality<br \/>\nChild Councelling<\/h3>\n<p>[\/vc_column_text][vc_separator type=\u00bbsmall\u00bb position=\u00bbcenter\u00bb color=\u00bb#000000&#8243; thickness=\u00bb2&#8243; width=\u00bb105&#8243; up=\u00bb20&#8243; down=\u00bb21&#8243;][vc_column_text]Lorem ipsum dolor sit amet, pri eu menandri delatissimi, no vis affert aliquen nea motiv.[\/vc_column_text][vc_empty_space height=\u00bb7px\u00bb][button target=\u00bb_self\u00bb hover_type=\u00bbdefault\u00bb button_shadow=\u00bbno\u00bb text=\u00bbExplore\u00bb link=\u00bb#\u00bb][\/qode_elements_holder_item][\/qode_elements_holder][\/vc_column][vc_column css=\u00bb.vc_custom_1519388831143{margin-top: 4px !important;padding-right: 2px !important;padding-left: 2px !important;}\u00bb offset=\u00bbvc_col-lg-4 vc_col-md-4&#8243;][qode_elements_holder number_of_columns=\u00bbthree_columns\u00bb][qode_elements_holder_item background_color=\u00bb#ffffff\u00bb item_padding=\u00bb50px 35px 22px\u00bb horizontal_alignment=\u00bbcenter\u00bb advanced_animations=\u00bbno\u00bb item_padding_1024_1280=\u00bb50px 18px 22px\u00bb custom_class=\u00bbeh-with-shadow\u00bb][vc_single_image image=\u00bb56&#8243; img_size=\u00bbfull\u00bb alignment=\u00bbcenter\u00bb qode_css_animation=\u00bb\u00bb][vc_empty_space height=\u00bb35px\u00bb][vc_column_text]<\/p>\n<h3>High Quality<br \/>\nCarier Councelling<\/h3>\n<p>[\/vc_column_text][vc_separator type=\u00bbsmall\u00bb position=\u00bbcenter\u00bb color=\u00bb#000000&#8243; thickness=\u00bb2&#8243; width=\u00bb105&#8243; up=\u00bb20&#8243; down=\u00bb21&#8243;][vc_column_text]Lorem ipsum dolor sit amet, pri eu menandri delatissimi, no vis affert aliquen nea motiv.[\/vc_column_text][vc_empty_space height=\u00bb7px\u00bb][button target=\u00bb_self\u00bb hover_type=\u00bbdefault\u00bb button_shadow=\u00bbno\u00bb text=\u00bbExplore\u00bb link=\u00bb#\u00bb][\/qode_elements_holder_item][\/qode_elements_holder][\/vc_column][\/vc_row][vc_row css_animation=\u00bb\u00bb row_type=\u00bbrow\u00bb use_row_as_full_screen_section=\u00bbno\u00bb type=\u00bbfull_width\u00bb angled_section=\u00bbno\u00bb text_align=\u00bbleft\u00bb background_image_as_pattern=\u00bbwithout_pattern\u00bb css=\u00bb.vc_custom_1519395360843{padding-top: 65px !important;padding-bottom: 120px !important;}\u00bb z_index=\u00bb\u00bb][vc_column][counter type=\u00bbzero\u00bb box=\u00bbno\u00bb position=\u00bbcenter\u00bb font_weight=\u00bb400&#8243; separator=\u00bbno\u00bb digit=\u00bb135&#8243; font_size=\u00bb90&#8243; font_color=\u00bb#000000&#8243; text=\u00bb<i>Industry conferences attended<br \/>\nin USA only<\/i>\u00bb text_size=\u00bb24&#8243; text_color=\u00bb#000000&#8243;][\/vc_column][\/vc_row]<\/p>\n","protected":false},"excerpt":{"rendered":"<p>[vc_row css_animation=\u00bb\u00bb row_type=\u00bbrow\u00bb use_row_as_full_screen_section=\u00bbno\u00bb type=\u00bbfull_width\u00bb angled_section=\u00bbno\u00bb text_align=\u00bbleft\u00bb background_image_as_pattern=\u00bbwithout_pattern\u00bb css=\u00bb.vc_custom_1519388395358{padding-top: 30px !important;}\u00bb z_index=\u00bb\u00bb][vc_column][vc_single_image image=\u00bb259&#8243; img_size=\u00bbfull\u00bb alignment=\u00bbcenter\u00bb qode_css_animation=\u00bb\u00bb][\/vc_column][\/vc_row][vc_row css_animation=\u00bb\u00bb row_type=\u00bbrow\u00bb use_row_as_full_screen_section=\u00bbno\u00bb type=\u00bbgrid\u00bb [&hellip;]<\/p>\n","protected":false},"author":1,"featured_media":0,"parent":0,"menu_order":0,"comment_status":"closed","ping_status":"closed","template":"full_width.php","meta":{"site-sidebar-layout":"default","site-content-layout":"","ast-site-content-layout":"default","site-content-style":"default","site-sidebar-style":"default","ast-global-header-display":"","ast-banner-title-visibility":"","ast-main-header-display":"","ast-hfb-above-header-display":"","ast-hfb-below-header-display":"","ast-hfb-mobile-header-display":"","site-post-title":"","ast-breadcrumbs-content":"","ast-featured-img":"","footer-sml-layout":"","ast-disable-related-posts":"","theme-transparent-header-meta":"","adv-header-id-meta":"","stick-header-meta":"","header-above-stick-meta":"","header-main-stick-meta":"","header-below-stick-meta":"","astra-migrate-meta-layouts":"default","ast-page-background-enabled":"default","ast-page-background-meta":{"desktop":{"background-color":"var(--ast-global-color-5)","background-image":"","background-repeat":"repeat","background-position":"center center","background-size":"auto","background-attachment":"scroll","background-type":"","background-media":"","overlay-type":"","overlay-color":"","overlay-opacity":"","overlay-gradient":""},"tablet":{"background-color":"","background-image":"","background-repeat":"repeat","background-position":"center center","background-size":"auto","background-attachment":"scroll","background-type":"","background-media":"","overlay-type":"","overlay-color":"","overlay-opacity":"","overlay-gradient":""},"mobile":{"background-color":"","background-image":"","background-repeat":"repeat","background-position":"center center","background-size":"auto","background-attachment":"scroll","background-type":"","background-media":"","overlay-type":"","overlay-color":"","overlay-opacity":"","overlay-gradient":""}},"ast-content-background-meta":{"desktop":{"background-color":"var(--ast-global-color-4)","background-image":"","background-repeat":"repeat","background-position":"center center","background-size":"auto","background-attachment":"scroll","background-type":"","background-media":"","overlay-type":"","overlay-color":"","overlay-opacity":"","overlay-gradient":""},"tablet":{"background-color":"var(--ast-global-color-4)","background-image":"","background-repeat":"repeat","background-position":"center center","background-size":"auto","background-attachment":"scroll","background-type":"","background-media":"","overlay-type":"","overlay-color":"","overlay-opacity":"","overlay-gradient":""},"mobile":{"background-color":"var(--ast-global-color-4)","background-image":"","background-repeat":"repeat","background-position":"center center","background-size":"auto","background-attachment":"scroll","background-type":"","background-media":"","overlay-type":"","overlay-color":"","overlay-opacity":"","overlay-gradient":""}},"footnotes":""},"class_list":["post-248","page","type-page","status-publish","hentry"],"yoast_head":"<!-- This site is optimized with the Yoast SEO plugin v27.2 - https:\/\/yoast.com\/product\/yoast-seo-wordpress\/ -->\n<title>Professional Services - PSIC\u00d3LOGOS SABADELL | PSIC\u00d3LOGO FAMILIAR | DEPRESI\u00d3N |ANSIEDAD | ADICIONES | TERAPIA DE PAREJA<\/title>\n<meta name=\"robots\" content=\"index, follow, max-snippet:-1, max-image-preview:large, max-video-preview:-1\" \/>\n<link rel=\"canonical\" href=\"https:\/\/psicologa.org.es\/sabadell\/professional-services\/\" \/>\n<meta property=\"og:locale\" content=\"es_ES\" \/>\n<meta property=\"og:type\" content=\"article\" \/>\n<meta property=\"og:title\" content=\"Professional Services - PSIC\u00d3LOGOS SABADELL | PSIC\u00d3LOGO FAMILIAR | DEPRESI\u00d3N |ANSIEDAD | ADICIONES | TERAPIA DE PAREJA\" \/>\n<meta property=\"og:description\" content=\"[vc_row css_animation=\u00bb\u00bb row_type=\u00bbrow\u00bb use_row_as_full_screen_section=\u00bbno\u00bb type=\u00bbfull_width\u00bb angled_section=\u00bbno\u00bb text_align=\u00bbleft\u00bb background_image_as_pattern=\u00bbwithout_pattern\u00bb css=\u00bb.vc_custom_1519388395358{padding-top: 30px !important;}\u00bb z_index=\u00bb\u00bb][vc_column][vc_single_image image=\u00bb259&#8243; img_size=\u00bbfull\u00bb alignment=\u00bbcenter\u00bb qode_css_animation=\u00bb\u00bb][\/vc_column][\/vc_row][vc_row css_animation=\u00bb\u00bb row_type=\u00bbrow\u00bb use_row_as_full_screen_section=\u00bbno\u00bb type=\u00bbgrid\u00bb [&hellip;]\" \/>\n<meta property=\"og:url\" content=\"https:\/\/psicologa.org.es\/sabadell\/professional-services\/\" \/>\n<meta property=\"og:site_name\" content=\"PSIC\u00d3LOGOS SABADELL | PSIC\u00d3LOGO FAMILIAR | DEPRESI\u00d3N |ANSIEDAD | ADICIONES | TERAPIA DE PAREJA\" \/>\n<meta name=\"twitter:card\" content=\"summary_large_image\" \/>\n<meta name=\"twitter:label1\" content=\"Tiempo de lectura\" \/>\n\t<meta name=\"twitter:data1\" content=\"6 minutos\" \/>\n<script type=\"application\/ld+json\" class=\"yoast-schema-graph\">{\"@context\":\"https:\/\/schema.org\",\"@graph\":[{\"@type\":\"WebPage\",\"@id\":\"https:\/\/psicologa.org.es\/sabadell\/professional-services\/\",\"url\":\"https:\/\/psicologa.org.es\/sabadell\/professional-services\/\",\"name\":\"Professional Services - PSIC\u00d3LOGOS SABADELL | PSIC\u00d3LOGO FAMILIAR | DEPRESI\u00d3N |ANSIEDAD | ADICIONES | TERAPIA DE PAREJA\",\"isPartOf\":{\"@id\":\"https:\/\/psicologa.org.es\/sabadell\/#website\"},\"datePublished\":\"2018-02-23T11:36:21+00:00\",\"breadcrumb\":{\"@id\":\"https:\/\/psicologa.org.es\/sabadell\/professional-services\/#breadcrumb\"},\"inLanguage\":\"es\",\"potentialAction\":[{\"@type\":\"ReadAction\",\"target\":[\"https:\/\/psicologa.org.es\/sabadell\/professional-services\/\"]}]},{\"@type\":\"BreadcrumbList\",\"@id\":\"https:\/\/psicologa.org.es\/sabadell\/professional-services\/#breadcrumb\",\"itemListElement\":[{\"@type\":\"ListItem\",\"position\":1,\"name\":\"Home\",\"item\":\"https:\/\/psicologa.org.es\/sabadell\/\"},{\"@type\":\"ListItem\",\"position\":2,\"name\":\"Professional Services\"}]},{\"@type\":\"WebSite\",\"@id\":\"https:\/\/psicologa.org.es\/sabadell\/#website\",\"url\":\"https:\/\/psicologa.org.es\/sabadell\/\",\"name\":\"PSIC\u00d3LOGOS SABADELL | PSIC\u00d3LOGO FAMILIAR | DEPRESI\u00d3N |ANSIEDAD | ADICIONES | TERAPIA DE PAREJA\",\"description\":\"Los psic\u00f3logos m\u00e1s recomendados de Sabadell: consulta opiniones, comprueba su disponibilidad y pide online tu cita en segundos. \u00a1Es gratis! Psic\u00f3loga especializada en desarrollo personal y terapia de pareja.\",\"potentialAction\":[{\"@type\":\"SearchAction\",\"target\":{\"@type\":\"EntryPoint\",\"urlTemplate\":\"https:\/\/psicologa.org.es\/sabadell\/?s={search_term_string}\"},\"query-input\":{\"@type\":\"PropertyValueSpecification\",\"valueRequired\":true,\"valueName\":\"search_term_string\"}}],\"inLanguage\":\"es\"}]}<\/script>\n<!-- \/ Yoast SEO plugin. -->","yoast_head_json":{"title":"Professional Services - PSIC\u00d3LOGOS SABADELL | PSIC\u00d3LOGO FAMILIAR | DEPRESI\u00d3N |ANSIEDAD | ADICIONES | TERAPIA DE PAREJA","robots":{"index":"index","follow":"follow","max-snippet":"max-snippet:-1","max-image-preview":"max-image-preview:large","max-video-preview":"max-video-preview:-1"},"canonical":"https:\/\/psicologa.org.es\/sabadell\/professional-services\/","og_locale":"es_ES","og_type":"article","og_title":"Professional Services - PSIC\u00d3LOGOS SABADELL | PSIC\u00d3LOGO FAMILIAR | DEPRESI\u00d3N |ANSIEDAD | ADICIONES | TERAPIA DE PAREJA","og_description":"[vc_row css_animation=\u00bb\u00bb row_type=\u00bbrow\u00bb use_row_as_full_screen_section=\u00bbno\u00bb type=\u00bbfull_width\u00bb angled_section=\u00bbno\u00bb text_align=\u00bbleft\u00bb background_image_as_pattern=\u00bbwithout_pattern\u00bb css=\u00bb.vc_custom_1519388395358{padding-top: 30px !important;}\u00bb z_index=\u00bb\u00bb][vc_column][vc_single_image image=\u00bb259&#8243; img_size=\u00bbfull\u00bb alignment=\u00bbcenter\u00bb qode_css_animation=\u00bb\u00bb][\/vc_column][\/vc_row][vc_row css_animation=\u00bb\u00bb row_type=\u00bbrow\u00bb use_row_as_full_screen_section=\u00bbno\u00bb type=\u00bbgrid\u00bb [&hellip;]","og_url":"https:\/\/psicologa.org.es\/sabadell\/professional-services\/","og_site_name":"PSIC\u00d3LOGOS SABADELL | PSIC\u00d3LOGO FAMILIAR | DEPRESI\u00d3N |ANSIEDAD | ADICIONES | TERAPIA DE PAREJA","twitter_card":"summary_large_image","twitter_misc":{"Tiempo de lectura":"6 minutos"},"schema":{"@context":"https:\/\/schema.org","@graph":[{"@type":"WebPage","@id":"https:\/\/psicologa.org.es\/sabadell\/professional-services\/","url":"https:\/\/psicologa.org.es\/sabadell\/professional-services\/","name":"Professional Services - PSIC\u00d3LOGOS SABADELL | PSIC\u00d3LOGO FAMILIAR | DEPRESI\u00d3N |ANSIEDAD | ADICIONES | TERAPIA DE PAREJA","isPartOf":{"@id":"https:\/\/psicologa.org.es\/sabadell\/#website"},"datePublished":"2018-02-23T11:36:21+00:00","breadcrumb":{"@id":"https:\/\/psicologa.org.es\/sabadell\/professional-services\/#breadcrumb"},"inLanguage":"es","potentialAction":[{"@type":"ReadAction","target":["https:\/\/psicologa.org.es\/sabadell\/professional-services\/"]}]},{"@type":"BreadcrumbList","@id":"https:\/\/psicologa.org.es\/sabadell\/professional-services\/#breadcrumb","itemListElement":[{"@type":"ListItem","position":1,"name":"Home","item":"https:\/\/psicologa.org.es\/sabadell\/"},{"@type":"ListItem","position":2,"name":"Professional Services"}]},{"@type":"WebSite","@id":"https:\/\/psicologa.org.es\/sabadell\/#website","url":"https:\/\/psicologa.org.es\/sabadell\/","name":"PSIC\u00d3LOGOS SABADELL | PSIC\u00d3LOGO FAMILIAR | DEPRESI\u00d3N |ANSIEDAD | ADICIONES | TERAPIA DE PAREJA","description":"Los psic\u00f3logos m\u00e1s recomendados de Sabadell: consulta opiniones, comprueba su disponibilidad y pide online tu cita en segundos. \u00a1Es gratis! Psic\u00f3loga especializada en desarrollo personal y terapia de pareja.","potentialAction":[{"@type":"SearchAction","target":{"@type":"EntryPoint","urlTemplate":"https:\/\/psicologa.org.es\/sabadell\/?s={search_term_string}"},"query-input":{"@type":"PropertyValueSpecification","valueRequired":true,"valueName":"search_term_string"}}],"inLanguage":"es"}]}},"_links":{"self":[{"href":"https:\/\/psicologa.org.es\/sabadell\/wp-json\/wp\/v2\/pages\/248","targetHints":{"allow":["GET"]}}],"collection":[{"href":"https:\/\/psicologa.org.es\/sabadell\/wp-json\/wp\/v2\/pages"}],"about":[{"href":"https:\/\/psicologa.org.es\/sabadell\/wp-json\/wp\/v2\/types\/page"}],"author":[{"embeddable":true,"href":"https:\/\/psicologa.org.es\/sabadell\/wp-json\/wp\/v2\/users\/1"}],"replies":[{"embeddable":true,"href":"https:\/\/psicologa.org.es\/sabadell\/wp-json\/wp\/v2\/comments?post=248"}],"version-history":[{"count":0,"href":"https:\/\/psicologa.org.es\/sabadell\/wp-json\/wp\/v2\/pages\/248\/revisions"}],"wp:attachment":[{"href":"https:\/\/psicologa.org.es\/sabadell\/wp-json\/wp\/v2\/media?parent=248"}],"curies":[{"name":"wp","href":"https:\/\/api.w.org\/{rel}","templated":true}]}}